{"id":1326,"date":"2020-01-04T09:44:13","date_gmt":"2020-01-04T09:44:13","guid":{"rendered":"https:\/\/ninetheme.com\/themes\/r-energy\/?page_id=1326"},"modified":"2025-05-02T09:34:59","modified_gmt":"2025-05-02T09:34:59","slug":"termini-e-condizioni","status":"publish","type":"page","link":"https:\/\/rylectra.com\/en\/termini-e-condizioni\/","title":{"rendered":"Termini e condizioni"},"content":{"rendered":"<p class=\"aWBg0w aZskFA u16U_g mKhvSg\">L&#8217;accesso e l&#8217;utilizzo di questo sito sono soggetti ai seguenti termini e condizioni. Utilizzando questo sito, l&#8217;utente accetta di rispettare e di essere vincolato dai termini e condizioni qui descritti. Si prega di leggere attentamente quanto segue.<\/p>\n<h4 class=\"_5Gynyg aZskFA u16U_g mKhvSg\">Uso del Sito<\/h4>\n<div class=\"aWBg0w aZskFA u16U_g mKhvSg\">\n<ol class=\"lhw4dw\" start=\"1\">\n<li>\n<p class=\"aWBg0w aZskFA u16U_g mKhvSg\"><span class=\"VgvqkQ aZskFA u16U_g\">Accettazione dei Termini<\/span>: Utilizzando il nostro sito, l&#8217;utente accetta i termini e le condizioni presenti. Rylectra si riserva il diritto di modificare questi termini in qualsiasi momento, e l&#8217;uso continuato del sito significa accettazione delle modifiche.<\/p>\n<\/li>\n<li>\n<p class=\"aWBg0w aZskFA u16U_g mKhvSg\"><span class=\"VgvqkQ aZskFA u16U_g\">Uso Consentito<\/span>: L&#8217;utente pu\u00f2 utilizzare questo sito per scopi personali e non commerciali. Non \u00e8 consentito modificare, distribuire, trasmettere, visualizzare, eseguire, riprodurre, pubblicare, concedere in licenza, creare lavori derivati da, trasferire o vendere qualsiasi informazione, software, prodotto o servizio ottenuto da questo sito.<\/p>\n<\/li>\n<li>\n<p class=\"aWBg0w aZskFA u16U_g mKhvSg\"><span class=\"VgvqkQ aZskFA u16U_g\">Restrizioni d&#8217;Uso<\/span>: \u00c8 vietato utilizzare il sito per qualsiasi scopo illegale o proibito. L&#8217;utente non pu\u00f2 utilizzare il sito in modo che possa danneggiare, disabilitare, sovraccaricare o compromettere il sito o interferire con l&#8217;uso e il godimento da parte di terzi.<\/p>\n<\/li>\n<\/ol>\n<\/div>\n<h4 class=\"_5Gynyg aZskFA u16U_g mKhvSg\">Propriet\u00e0 Intellettuale<\/h4>\n<div class=\"aWBg0w aZskFA u16U_g mKhvSg\">\n<ol class=\"lhw4dw\" start=\"1\">\n<li>\n<p class=\"aWBg0w aZskFA u16U_g mKhvSg\"><span class=\"VgvqkQ aZskFA u16U_g\">Contenuti del Sito<\/span>: Tutti i contenuti presenti su questo sito, compresi testi, grafica, loghi, icone, immagini, clip audio, download digitali e software, sono di propriet\u00e0 di Rylectra o dei suoi fornitori di contenuti e sono protetti dalle leggi internazionali sul diritto d&#8217;autore.<\/p>\n<\/li>\n<li>\n<p class=\"aWBg0w aZskFA u16U_g mKhvSg\"><span class=\"VgvqkQ aZskFA u16U_g\">Marchi<\/span>: I marchi, i loghi e i marchi di servizio visualizzati su questo sito sono marchi registrati e non registrati di Rylectra e di altri. Nulla in questo sito deve essere interpretato come concessione, per implicazione o altro, di qualsiasi licenza o diritto di utilizzare qualsiasi marchio visualizzato sul sito senza il permesso scritto del proprietario del marchio.<\/p>\n<\/li>\n<\/ol>\n<\/div>\n<h4 class=\"_5Gynyg aZskFA u16U_g mKhvSg\">Limitazioni di Responsabilit\u00e0<\/h4>\n<div class=\"aWBg0w aZskFA u16U_g mKhvSg\">\n<ol class=\"lhw4dw\" start=\"1\">\n<li>\n<p class=\"aWBg0w aZskFA u16U_g mKhvSg\"><span class=\"VgvqkQ aZskFA u16U_g\">Esclusione di Garanzie<\/span>: Il sito \u00e8 fornito da Rylectra &#8220;cos\u00ec com&#8217;\u00e8&#8221; e &#8220;come disponibile&#8221;. Rylectra non fornisce alcuna dichiarazione o garanzia di alcun tipo, espressa o implicita, riguardo al funzionamento del sito o alle informazioni, contenuti, materiali o prodotti inclusi su questo sito.<\/p>\n<\/li>\n<li>\n<p class=\"aWBg0w aZskFA u16U_g mKhvSg\"><span class=\"VgvqkQ aZskFA u16U_g\">Limitazione di Responsabilit\u00e0<\/span>: In nessun caso Rylectra sar\u00e0 responsabile per qualsiasi danno indiretto, incidentale, speciale, conseguente o esemplare, inclusi, ma non limitati a, danni per perdita di profitti, avviamento, uso, dati o altre perdite intangibili derivanti o relative all&#8217;uso o all&#8217;incapacit\u00e0 di utilizzare questo sito.<\/p>\n<\/li>\n<\/ol>\n<\/div>\n<h4 class=\"_5Gynyg aZskFA u16U_g mKhvSg\">Disposizioni Generali<\/h4>\n<div class=\"aWBg0w aZskFA u16U_g mKhvSg\">\n<ol class=\"lhw4dw\" start=\"1\">\n<li>\n<p class=\"aWBg0w aZskFA u16U_g mKhvSg\"><span class=\"VgvqkQ aZskFA u16U_g\">Legge Applicabile<\/span>: Questi termini e condizioni sono regolati e interpretati secondo le leggi del paese in cui Rylectra ha la sua sede legale, senza riguardo ai conflitti di leggi.<\/p>\n<\/li>\n<li>\n<p class=\"aWBg0w aZskFA u16U_g mKhvSg\"><span class=\"VgvqkQ aZskFA u16U_g\">Modifiche ai Termini<\/span>: Rylectra si riserva il diritto di modificare questi termini e condizioni in qualsiasi momento. Eventuali modifiche saranno efficaci immediatamente dopo la pubblicazione sul sito. L&#8217;uso continuato del sito dopo tali modifiche costituisce accettazione dei nuovi termini e condizioni.<\/p>\n<\/li>\n<li>\n<p class=\"aWBg0w aZskFA u16U_g mKhvSg\"><span class=\"VgvqkQ aZskFA u16U_g\">Contatti<\/span>: Per qualsiasi domanda riguardo ai presenti termini e condizioni, contattaci tramite la nostra pagina di contatto sul sito.<\/p>\n<\/li>\n<\/ol>\n<\/div>","protected":false},"excerpt":{"rendered":"<p>L&#8217;accesso e l&#8217;utilizzo di questo sito sono soggetti ai seguenti termini e condizioni. Utilizzando questo sito, l&#8217;utente accetta di rispettare e di essere vincolato dai termini e condizioni qui descritti. Si prega di leggere attentamente quanto segue. Uso del Sito Accettazione dei Termini: Utilizzando il nostro sito, l&#8217;utente accetta i termini e le condizioni presenti&#8230;.<\/p>","protected":false},"author":1,"featured_media":0,"parent":0,"menu_order":0,"comment_status":"closed","ping_status":"closed","template":"","meta":{"_acf_changed":false,"_coblocks_attr":"","_coblocks_dimensions":"","_coblocks_responsive_height":"","_coblocks_accordion_ie_support":"","footnotes":""},"class_list":{"0":"post-1326","1":"page","2":"type-page","3":"status-publish","4":"hentry","5":"nt-post-class","6":"","7":"masonry-item","8":"col-lg-4","10":"thumb-none","12":"excerpt-none"},"acf":[],"_links":{"self":[{"href":"https:\/\/rylectra.com\/en\/wp-json\/wp\/v2\/pages\/1326","targetHints":{"allow":["GET"]}}],"collection":[{"href":"https:\/\/rylectra.com\/en\/wp-json\/wp\/v2\/pages"}],"about":[{"href":"https:\/\/rylectra.com\/en\/wp-json\/wp\/v2\/types\/page"}],"author":[{"embeddable":true,"href":"https:\/\/rylectra.com\/en\/wp-json\/wp\/v2\/users\/1"}],"replies":[{"embeddable":true,"href":"https:\/\/rylectra.com\/en\/wp-json\/wp\/v2\/comments?post=1326"}],"version-history":[{"count":2,"href":"https:\/\/rylectra.com\/en\/wp-json\/wp\/v2\/pages\/1326\/revisions"}],"predecessor-version":[{"id":5487,"href":"https:\/\/rylectra.com\/en\/wp-json\/wp\/v2\/pages\/1326\/revisions\/5487"}],"wp:attachment":[{"href":"https:\/\/rylectra.com\/en\/wp-json\/wp\/v2\/media?parent=1326"}],"curies":[{"name":"wp","href":"https:\/\/api.w.org\/{rel}","templated":true}]}}